{"id":2539,"date":"2025-02-25T21:42:20","date_gmt":"2025-02-25T22:42:20","guid":{"rendered":"https:\/\/mazgroup.at\/2539-2\/"},"modified":"2025-02-25T22:28:33","modified_gmt":"2025-02-25T23:28:33","slug":"austria-citizenship-2024","status":"publish","type":"page","link":"https:\/\/mazgroup.at\/de\/austria-citizenship-2024\/","title":{"rendered":""},"content":{"rendered":"<section class=\"wpb-content-wrapper\"><p>[vc_row][vc_column width=&#8221;1\/6&#8243;][\/vc_column][vc_column width=&#8221;2\/3&#8243;][vc_empty_space][vc_column_text]<\/p>\n<h2>Ein Anstieg von 10 % bei der Zahl der eingeb\u00fcrgerten Personen im Jahr 2024.<\/h2>\n<p>[\/vc_column_text][vc_separator][vc_single_image image=&#8221;2533&#8243; img_size=&#8221;full&#8221; alignment=&#8221;center&#8221; onclick=&#8221;img_link_large&#8221;][vc_column_text]<strong>Im Jahr 2024 ist die Zahl der eingeb\u00fcrgerten Personen in \u00d6sterreich um zehn Prozent gestiegen;<\/strong><br \/>\n<strong>insgesamt erhielten 22.000 Personen die \u00f6sterreichische Staatsb\u00fcrgerschaft.<\/strong><\/p>\n<p><strong>Herkunft der neuen \u00f6sterreichischen Staatsb\u00fcrger:<\/strong><\/p>\n<ul>\n<li><strong>Israel: 5.088 Personen<\/strong><\/li>\n<li><strong>Syrien: 2.241 Personen<\/strong><\/li>\n<li><strong>T\u00fcrkei: 1.389 Personen<\/strong><\/li>\n<li><strong>Afghanistan: 1.056 Personen<\/strong><\/li>\n<li><strong>Bosnien und Herzegowina: 814 Personen<\/strong><\/li>\n<li><strong>Iran: 653 Personen<\/strong><\/li>\n<\/ul>\n<p><strong>50 % der neuen \u00f6sterreichischen Staatsb\u00fcrger waren Frauen, und ein Drittel von ihnen war unter 18 Jahre alt.<\/strong>[\/vc_column_text][vc_empty_space height=&#8221;64px&#8221;][\/vc_column][vc_column width=&#8221;1\/6&#8243;][\/vc_column][\/vc_row]<\/p>\n<\/section>","protected":false},"excerpt":{"rendered":"<p>[vc_row][vc_column width=&#8221;1\/6&#8243;][\/vc_column][vc_column width=&#8221;2\/3&#8243;][vc_empty_space][vc_column_text] Ein Anstieg von 10 % bei der Zahl der eingeb\u00fcrgerten Personen im Jahr 2024. [\/vc_column_text][vc_separator][vc_single_image image=&#8221;2533&#8243; img_size=&#8221;full&#8221; alignment=&#8221;center&#8221; onclick=&#8221;img_link_large&#8221;][vc_column_text]Im Jahr 2024 ist die Zahl der eingeb\u00fcrgerten Personen in \u00d6sterreich um zehn Prozent gestiegen; insgesamt erhielten 22.000 Personen die \u00f6sterreichische Staatsb\u00fcrgerschaft. Herkunft der neuen \u00f6sterreichischen Staatsb\u00fcrger: Israel: 5.088 Personen Syrien: 2.241 Personen T\u00fcrkei: [&hellip;]<\/p>\n","protected":false},"author":2,"featured_media":0,"parent":0,"menu_order":0,"comment_status":"closed","ping_status":"closed","template":"page-templates\/template-fullwidth.php","meta":{"footnotes":""},"class_list":["post-2539","page","type-page","status-publish","hentry"],"_links":{"self":[{"href":"https:\/\/mazgroup.at\/de\/wp-json\/wp\/v2\/pages\/2539","targetHints":{"allow":["GET"]}}],"collection":[{"href":"https:\/\/mazgroup.at\/de\/wp-json\/wp\/v2\/pages"}],"about":[{"href":"https:\/\/mazgroup.at\/de\/wp-json\/wp\/v2\/types\/page"}],"author":[{"embeddable":true,"href":"https:\/\/mazgroup.at\/de\/wp-json\/wp\/v2\/users\/2"}],"replies":[{"embeddable":true,"href":"https:\/\/mazgroup.at\/de\/wp-json\/wp\/v2\/comments?post=2539"}],"version-history":[{"count":5,"href":"https:\/\/mazgroup.at\/de\/wp-json\/wp\/v2\/pages\/2539\/revisions"}],"predecessor-version":[{"id":2544,"href":"https:\/\/mazgroup.at\/de\/wp-json\/wp\/v2\/pages\/2539\/revisions\/2544"}],"wp:attachment":[{"href":"https:\/\/mazgroup.at\/de\/wp-json\/wp\/v2\/media?parent=2539"}],"curies":[{"name":"wp","href":"https:\/\/api.w.org\/{rel}","templated":true}]}}