{"id":2512,"date":"2023-10-25T13:44:00","date_gmt":"2023-10-25T13:44:00","guid":{"rendered":"https:\/\/mazgroup.at\/leben-in-oesterreich\/"},"modified":"2025-02-25T22:26:17","modified_gmt":"2025-02-25T23:26:17","slug":"leben-in-oesterreich","status":"publish","type":"page","link":"https:\/\/mazgroup.at\/de\/leben-in-oesterreich\/","title":{"rendered":"Leben in \u00d6sterreich"},"content":{"rendered":"<section class=\"wpb-content-wrapper\"><p>[vc_row][vc_column width=&#8221;1\/12&#8243;][\/vc_column][vc_column width=&#8221;10\/12&#8243;][vc_empty_space][vc_column_text]<br \/>\n<strong>Leben in \u00d6sterreich<\/strong><br \/>\n[\/vc_column_text][vc_separator border_width=&#8221;3&#8243;][vc_row_inner][vc_column_inner width=&#8221;1\/3&#8243;][vc_single_image image=&#8221;1984&#8243; img_size=&#8221;full&#8221; alignment=&#8221;center&#8221; style=&#8221;vc_box_rounded&#8221; onclick=&#8221;custom_link&#8221; css_animation=&#8221;bottom-to-top&#8221;][vc_column_text]<br \/>\n<strong>Fakten \u00fcber \u00d6sterreich<\/strong><br \/>\nJeder Einwanderer ben\u00f6tigt zu Beginn grundlegende Informationen \u00fcber das gew\u00fcnschte Land. Auf der Website von Mazgroup haben wir diese f\u00fcr Sie zusammengestellt.[\/vc_column_text]\t\t\t\n\t<!-- Element: OT Button --> \n\t\t\t<a href=\"https:\/\/mazgroup.at\/living\/\u062d\u0642\u0627\u06cc\u0642-\u06a9\u0634\u0648\u0631-\u0627\u062a\u0631\u06cc\u0634\/\" target=\"_self\" class=\"btn btn-line-black btn-big  \">Weiterlesen<\/a>\n\t    \n[vc_empty_space][vc_empty_space][vc_single_image image=&#8221;2551&#8243; img_size=&#8221;full&#8221; alignment=&#8221;center&#8221; style=&#8221;vc_box_rounded&#8221; onclick=&#8221;custom_link&#8221; link=&#8221;https:\/\/mazgroup.at\/de\/2539-2\/&#8221;][vc_column_text]<strong>10-prozentiger Anstieg der Einb\u00fcrgerungen<br \/>\n<\/strong>Im Jahr 2024 ist die Zahl der eingeb\u00fcrgerten Personen um zehn Prozent gestiegen.[\/vc_column_text]\t\t\t\n\t<!-- Element: OT Button --> \n\t\t\t<a href=\"https:\/\/mazgroup.at\/austria-citizenship-2024\/\" target=\"_self\" class=\"btn btn-line-black btn-big  \">Weiterlesen<\/a>\n\t    \n[vc_empty_space height=&#8221;64px&#8221;][\/vc_column_inner][vc_column_inner width=&#8221;1\/3&#8243;][vc_single_image image=&#8221;1999&#8243; img_size=&#8221;full&#8221; alignment=&#8221;center&#8221; style=&#8221;vc_box_rounded&#8221; onclick=&#8221;custom_link&#8221; css_animation=&#8221;bottom-to-top&#8221;][vc_column_text]<br \/>\n<strong>N\u00fctzliche Websites in \u00d6sterreich f\u00fcr Migranten<\/strong><br \/>\nBei der Migration nach \u00d6sterreich ben\u00f6tigen Menschen verschiedene Websites. Auf der Website von Mazgroup haben wir diese f\u00fcr Sie zusammengestellt.[\/vc_column_text]\t\t\t\n\t<!-- Element: OT Button --> \n\t\t\t<a href=\"https:\/\/mazgroup.at\/\u0633\u0627\u06cc\u062a\u0647\u0627\u06cc-\u067e\u0631\u06a9\u0627\u0631\u0628\u0631\u062f-\u0627\u062a\u0631\u06cc\u0634-\u0628\u0631\u0627\u06cc-\u0645\u0647\u0627\u062c\u0631\u0627\u0646\/\" target=\"_self\" class=\"btn btn-line-black btn-big  \">Weiterlesen<\/a>\n\t    \n[vc_empty_space][vc_empty_space][vc_single_image image=&#8221;2489&#8243; img_size=&#8221;full&#8221; alignment=&#8221;center&#8221; style=&#8221;vc_box_rounded&#8221; onclick=&#8221;custom_link&#8221; link=&#8221;https:\/\/mazgroup.at\/de\/die-bevoelkerung-oesterreichs-2025\/&#8221;][vc_column_text]<br \/>\n<strong>Bev\u00f6lkerungswachstum in \u00d6sterreich<\/strong><br \/>\nLaut \u201eStatistik Austria\u201c hat die Bev\u00f6lkerung \u00d6sterreichs zu Beginn des Jahres 2025 9,2 Millionen erreicht.[\/vc_column_text]\t\t\t\n\t<!-- Element: OT Button --> \n\t\t\t<a href=\"https:\/\/mazgroup.at\/austria-population-2025\/\" target=\"_self\" class=\"btn btn-line-black btn-big  \">Weiterlesen<\/a>\n\t    \n[vc_empty_space height=&#8221;64px&#8221;][\/vc_column_inner][vc_column_inner width=&#8221;1\/3&#8243;][vc_single_image image=&#8221;2000&#8243; img_size=&#8221;full&#8221; alignment=&#8221;center&#8221; style=&#8221;vc_box_rounded&#8221; onclick=&#8221;custom_link&#8221; css_animation=&#8221;bottom-to-top&#8221;][vc_column_text]<br \/>\n<strong>Wien \u2013 die lebenswerteste Stadt der Welt<\/strong><br \/>\nDie Zeitschrift <em>The Economist<\/em> w\u00e4hlt j\u00e4hrlich die besten St\u00e4dte der Welt zum Leben aus. Jedes Jahr taucht ein Name immer wieder auf: die Hauptstadt \u00d6sterreichs \u2013 Wien![\/vc_column_text]\t\t\t\n\t<!-- Element: OT Button --> \n\t\t\t<a href=\"https:\/\/mazgroup.at\/\u0648\u06cc\u0646\u060c-\u0628\u0647\u062a\u0631\u06cc\u0646-\u0634\u0647\u0631-\u062f\u0646\u06cc\u0627-\u0628\u0631\u0627\u06cc-\u0632\u0646\u062f\u06af\u06cc\/\" target=\"_self\" class=\"btn btn-line-black btn-big  \">Weiterlesen<\/a>\n\t    \n[vc_empty_space][vc_empty_space][vc_single_image image=&#8221;2123&#8243; img_size=&#8221;full&#8221; alignment=&#8221;center&#8221; style=&#8221;vc_box_rounded&#8221; onclick=&#8221;custom_link&#8221; css_animation=&#8221;bottom-to-top&#8221; link=&#8221;https:\/\/mazgroup.at\/faq\/&#8221;][vc_column_text]<br \/>\n<strong>H\u00e4ufig gestellte Fragen<\/strong><br \/>\nAuf dieser Seite k\u00f6nnen Sie die h\u00e4ufig gestellten Fragen von Einwanderungsbewerbern f\u00fcr \u00d6sterreich lesen.[\/vc_column_text]\t\t\t\n\t<!-- Element: OT Button --> \n\t\t\t<a href=\"https:\/\/mazgroup.at\/faq\/\" target=\"_self\" class=\"btn btn-line-black btn-big  \">Weiterlesen<\/a>\n\t    \n[vc_empty_space height=&#8221;64px&#8221;][\/vc_column_inner][\/vc_row_inner][\/vc_column][vc_column width=&#8221;1\/12&#8243;][\/vc_column][\/vc_row][vc_row][vc_column][\/vc_column][\/vc_row]<\/p>\n<\/section>","protected":false},"excerpt":{"rendered":"<p>[vc_row][vc_column width=&#8221;1\/12&#8243;][\/vc_column][vc_column width=&#8221;10\/12&#8243;][vc_empty_space][vc_column_text] Leben in \u00d6sterreich [\/vc_column_text][vc_separator border_width=&#8221;3&#8243;][vc_row_inner][vc_column_inner width=&#8221;1\/3&#8243;][vc_single_image image=&#8221;1984&#8243; img_size=&#8221;full&#8221; alignment=&#8221;center&#8221; style=&#8221;vc_box_rounded&#8221; onclick=&#8221;custom_link&#8221; css_animation=&#8221;bottom-to-top&#8221;][vc_column_text] Fakten \u00fcber \u00d6sterreich Jeder Einwanderer ben\u00f6tigt zu Beginn grundlegende Informationen \u00fcber das gew\u00fcnschte Land. Auf der Website von Mazgroup haben wir diese f\u00fcr Sie zusammengestellt.[\/vc_column_text][vc_empty_space][vc_empty_space][vc_single_image image=&#8221;2551&#8243; img_size=&#8221;full&#8221; alignment=&#8221;center&#8221; style=&#8221;vc_box_rounded&#8221; onclick=&#8221;custom_link&#8221; link=&#8221;https:\/\/mazgroup.at\/de\/2539-2\/&#8221;][vc_column_text]10-prozentiger Anstieg der Einb\u00fcrgerungen Im Jahr 2024 ist die Zahl [&hellip;]<\/p>\n","protected":false},"author":2,"featured_media":0,"parent":0,"menu_order":0,"comment_status":"closed","ping_status":"closed","template":"page-templates\/template-fullwidth.php","meta":{"footnotes":""},"class_list":["post-2512","page","type-page","status-publish","hentry"],"_links":{"self":[{"href":"https:\/\/mazgroup.at\/de\/wp-json\/wp\/v2\/pages\/2512","targetHints":{"allow":["GET"]}}],"collection":[{"href":"https:\/\/mazgroup.at\/de\/wp-json\/wp\/v2\/pages"}],"about":[{"href":"https:\/\/mazgroup.at\/de\/wp-json\/wp\/v2\/types\/page"}],"author":[{"embeddable":true,"href":"https:\/\/mazgroup.at\/de\/wp-json\/wp\/v2\/users\/2"}],"replies":[{"embeddable":true,"href":"https:\/\/mazgroup.at\/de\/wp-json\/wp\/v2\/comments?post=2512"}],"version-history":[{"count":25,"href":"https:\/\/mazgroup.at\/de\/wp-json\/wp\/v2\/pages\/2512\/revisions"}],"predecessor-version":[{"id":2567,"href":"https:\/\/mazgroup.at\/de\/wp-json\/wp\/v2\/pages\/2512\/revisions\/2567"}],"wp:attachment":[{"href":"https:\/\/mazgroup.at\/de\/wp-json\/wp\/v2\/media?parent=2512"}],"curies":[{"name":"wp","href":"https:\/\/api.w.org\/{rel}","templated":true}]}}