{"id":2504,"date":"2025-02-14T19:34:24","date_gmt":"2025-02-14T20:34:24","guid":{"rendered":"https:\/\/mazgroup.at\/die-bevoelkerung-oesterreichs-erreichte-zu-beginn-des-jahres-2025-92-millionen\/"},"modified":"2025-02-14T19:48:36","modified_gmt":"2025-02-14T20:48:36","slug":"die-bevoelkerung-oesterreichs-2025","status":"publish","type":"page","link":"https:\/\/mazgroup.at\/de\/die-bevoelkerung-oesterreichs-2025\/","title":{"rendered":"Die Bev\u00f6lkerung \u00d6sterreichs erreichte zu Beginn des Jahres 2025 9,2 Millionen."},"content":{"rendered":"<section class=\"wpb-content-wrapper\"><p>[vc_row][vc_column width=&#8221;1\/6&#8243;][vc_empty_space][\/vc_column][vc_column width=&#8221;2\/3&#8243;][vc_empty_space][vc_column_text]<\/p>\n<h2>Die Bev\u00f6lkerung \u00d6sterreichs erreichte zu Beginn des Jahres 2025 9,2 Millionen.<\/h2>\n<p>[\/vc_column_text][vc_separator border_width=&#8221;3&#8243;][vc_single_image image=&#8221;2486&#8243; img_size=&#8221;400&#215;400&#8243; alignment=&#8221;center&#8221; onclick=&#8221;img_link_large&#8221; css_animation=&#8221;none&#8221;][vc_column_text]<strong>Die Bev\u00f6lkerung \u00d6sterreichs wuchs Anfang 2025 auf 9,2 Millionen Menschen. Laut &#8220;Statistik Austria&#8221; betrug die Einwohnerzahl des Landes am 1. Januar 2025 genau 9.198.214 Personen, was einem Anstieg von 39.464 Personen (0,4 Prozent) im Vergleich zum Vorjahr entspricht.<\/strong><br \/>\n<strong>Der Anteil der ausl\u00e4ndischen Bev\u00f6lkerung in ganz \u00d6sterreich erreichte 20,2 Prozent (1.855.624 Personen). Im Vorjahr lag dieser Anteil bei 19,7 Prozent. In der Stadt Wien ist der Ausl\u00e4nderanteil mit 36,4 Prozent am h\u00f6chsten. Es folgen Vorarlberg mit 20,9 Prozent und Salzburg mit 20,8 Prozent. Den niedrigsten Ausl\u00e4nderanteil hat das Burgenland mit 11,5 Prozent.<\/strong>[\/vc_column_text][vc_empty_space height=&#8221;64px&#8221;][\/vc_column][vc_column width=&#8221;1\/6&#8243;][vc_empty_space][\/vc_column][\/vc_row]<\/p>\n<\/section>","protected":false},"excerpt":{"rendered":"<p>[vc_row][vc_column width=&#8221;1\/6&#8243;][vc_empty_space][\/vc_column][vc_column width=&#8221;2\/3&#8243;][vc_empty_space][vc_column_text] Die Bev\u00f6lkerung \u00d6sterreichs erreichte zu Beginn des Jahres 2025 9,2 Millionen. [\/vc_column_text][vc_separator border_width=&#8221;3&#8243;][vc_single_image image=&#8221;2486&#8243; img_size=&#8221;400&#215;400&#8243; alignment=&#8221;center&#8221; onclick=&#8221;img_link_large&#8221; css_animation=&#8221;none&#8221;][vc_column_text]Die Bev\u00f6lkerung \u00d6sterreichs wuchs Anfang 2025 auf 9,2 Millionen Menschen. Laut &#8220;Statistik Austria&#8221; betrug die Einwohnerzahl des Landes am 1. Januar 2025 genau 9.198.214 Personen, was einem Anstieg von 39.464 Personen (0,4 Prozent) im Vergleich [&hellip;]<\/p>\n","protected":false},"author":2,"featured_media":0,"parent":0,"menu_order":0,"comment_status":"closed","ping_status":"closed","template":"page-templates\/template-fullwidth.php","meta":{"footnotes":""},"class_list":["post-2504","page","type-page","status-publish","hentry"],"_links":{"self":[{"href":"https:\/\/mazgroup.at\/de\/wp-json\/wp\/v2\/pages\/2504","targetHints":{"allow":["GET"]}}],"collection":[{"href":"https:\/\/mazgroup.at\/de\/wp-json\/wp\/v2\/pages"}],"about":[{"href":"https:\/\/mazgroup.at\/de\/wp-json\/wp\/v2\/types\/page"}],"author":[{"embeddable":true,"href":"https:\/\/mazgroup.at\/de\/wp-json\/wp\/v2\/users\/2"}],"replies":[{"embeddable":true,"href":"https:\/\/mazgroup.at\/de\/wp-json\/wp\/v2\/comments?post=2504"}],"version-history":[{"count":6,"href":"https:\/\/mazgroup.at\/de\/wp-json\/wp\/v2\/pages\/2504\/revisions"}],"predecessor-version":[{"id":2509,"href":"https:\/\/mazgroup.at\/de\/wp-json\/wp\/v2\/pages\/2504\/revisions\/2509"}],"wp:attachment":[{"href":"https:\/\/mazgroup.at\/de\/wp-json\/wp\/v2\/media?parent=2504"}],"curies":[{"name":"wp","href":"https:\/\/api.w.org\/{rel}","templated":true}]}}