{"id":2425,"date":"2015-07-24T03:26:17","date_gmt":"2015-07-24T03:26:17","guid":{"rendered":"https:\/\/mazgroup.at\/home\/"},"modified":"2025-02-14T20:51:13","modified_gmt":"2025-02-14T21:51:13","slug":"home","status":"publish","type":"page","link":"https:\/\/mazgroup.at\/de\/","title":{"rendered":"Home"},"content":{"rendered":"<section class=\"wpb-content-wrapper\"><p>[vc_row fullwidth=&#8221;yes&#8221;][vc_column]\n\t\t\t<!-- START Industry Slider REVOLUTION SLIDER 6.6.14 --><p class=\"rs-p-wp-fix\"><\/p>\n\t\t\t<rs-module-wrap id=\"rev_slider_2_1_wrapper\" data-source=\"gallery\" style=\"visibility:hidden;background:transparent;padding:0;\">\n\t\t\t\t<rs-module id=\"rev_slider_2_1\" style=\"\" data-version=\"6.6.14\">\n\t\t\t\t\t<rs-slides style=\"overflow: hidden; position: absolute;\">\n\t\t\t\t\t\t<rs-slide style=\"position: absolute;\" data-key=\"rs-4\" data-title=\"Slide\" data-thumb=\"\/\/mazgroup.at\/wp-content\/uploads\/2023\/10\/swiper-333-100x50.jpg\" data-duration=\"5000\" data-anim=\"ms:500;\" data-in=\"o:0;\" data-out=\"a:false;\">\n\t\t\t\t\t\t\t<img decoding=\"async\" src=\"\/\/mazgroup.at\/wp-content\/plugins\/revslider\/public\/assets\/assets\/dummy.png\" alt=\"\" title=\"swiper-333\" width=\"1920\" height=\"1280\" class=\"rev-slidebg tp-rs-img rs-lazyload\" data-lazyload=\"\/\/mazgroup.at\/wp-content\/uploads\/2023\/10\/swiper-333.jpg\" data-no-retina>\n<!--\n\t\t\t\t\t\t\t--><rs-layer\n\t\t\t\t\t\t\t\tid=\"slider-2-slide-4-layer-2\" \n\t\t\t\t\t\t\t\tdata-type=\"text\"\n\t\t\t\t\t\t\t\tdata-rsp_ch=\"on\"\n\t\t\t\t\t\t\t\tdata-xy=\"x:c;xo:7px;y:m;yo:-55px;\"\n\t\t\t\t\t\t\t\tdata-text=\"s:81,65,55,38;l:90,90,90,45;ls:0,0,0,0px;fw:700,700,600,500;a:center;\"\n\t\t\t\t\t\t\t\tdata-dim=\"w:954;h:127;\"\n\t\t\t\t\t\t\t\tdata-frame_0=\"sX:0.8;sY:0.8;\"\n\t\t\t\t\t\t\t\tdata-frame_1=\"e:expo.inOut;st:400;sp:1800;sR:500;\"\n\t\t\t\t\t\t\t\tdata-frame_999=\"st:w;sp:400;sR:2700;auto:true;\"\n\t\t\t\t\t\t\t\tstyle=\"z-index:10;font-family:'Montserrat';text-transform:uppercase;\"\n\t\t\t\t\t\t\t>Einfache Migration<br \/> nach \u00d6sterreich \n\t\t\t\t\t\t\t<\/rs-layer><!--\n\n\t\t\t\t\t\t\t--><a\n\t\t\t\t\t\t\t\tid=\"slider-2-slide-4-layer-12\" \n\t\t\t\t\t\t\t\tclass=\"rs-layer rev-btn\"\n\t\t\t\t\t\t\t\thref=\"https:\/\/mazgroup.at\/about\/\" target=\"_self\" rel=\"nofollow\"\n\t\t\t\t\t\t\t\tdata-type=\"button\"\n\t\t\t\t\t\t\t\tdata-color=\"#000000\"\n\t\t\t\t\t\t\t\tdata-rsp_ch=\"on\"\n\t\t\t\t\t\t\t\tdata-xy=\"x:c;yo:335px,460px,550px,410px;\"\n\t\t\t\t\t\t\t\tdata-text=\"w:normal;s:13,12,11,12;l:25,22,20,20;fw:700,700,600,600;\"\n\t\t\t\t\t\t\t\tdata-dim=\"minh:0px,none,none,none;\"\n\t\t\t\t\t\t\t\tdata-padding=\"t:7,6,5,4;r:30,26,20,14;b:7,6,5,4;l:30,26,20,14;\"\n\t\t\t\t\t\t\t\tdata-border=\"bos:solid;boc:#ffffff;bow:2px,2px,2px,2px;\"\n\t\t\t\t\t\t\t\tdata-frame_0=\"y:50,43,32,19;\"\n\t\t\t\t\t\t\t\tdata-frame_1=\"e:expo.inOut;st:800;sp:1800;\"\n\t\t\t\t\t\t\t\tdata-frame_999=\"y:50,43,32,19;o:0;e:default;st:w;sp:400;\"\n\t\t\t\t\t\t\t\tdata-frame_hover=\"c:#222;bgc:#fff;boc:#fff;bor:0px,0px,0px,0px;bos:solid;bow:2px,2px,2px,2px;e:power1.inOut;\"\n\t\t\t\t\t\t\t\tstyle=\"z-index:8;background-color:#ffffff;font-family:'Open Sans';text-transform:uppercase;\"\n\t\t\t\t\t\t\t>\u062f\u0631\u0628\u0627\u0631\u0647\u200c\u06cc \u0645\u0627 \n\t\t\t\t\t\t\t<\/a><!--\n-->\t\t\t\t\t\t<\/rs-slide>\n\t\t\t\t\t\t<rs-slide style=\"position: absolute;\" data-key=\"rs-5\" data-title=\"Slide\" data-thumb=\"\/\/mazgroup.at\/wp-content\/uploads\/2023\/10\/swiper-111-100x50.jpg\" data-duration=\"5000\" data-anim=\"ms:500;\" data-in=\"o:0;\" data-out=\"a:false;\">\n\t\t\t\t\t\t\t<img decoding=\"async\" src=\"\/\/mazgroup.at\/wp-content\/plugins\/revslider\/public\/assets\/assets\/dummy.png\" alt=\"\" title=\"swiper-111\" width=\"1920\" height=\"1069\" class=\"rev-slidebg tp-rs-img rs-lazyload\" data-lazyload=\"\/\/mazgroup.at\/wp-content\/uploads\/2023\/10\/swiper-111.jpg\" data-no-retina>\n<!--\n\t\t\t\t\t\t\t--><rs-layer\n\t\t\t\t\t\t\t\tid=\"slider-2-slide-5-layer-2\" \n\t\t\t\t\t\t\t\tdata-type=\"text\"\n\t\t\t\t\t\t\t\tdata-rsp_ch=\"on\"\n\t\t\t\t\t\t\t\tdata-xy=\"x:c;y:m;\"\n\t\t\t\t\t\t\t\tdata-text=\"w:normal;s:75,65,55,40;l:75,75,75,40;fw:700,700,600,500;a:center;\"\n\t\t\t\t\t\t\t\tdata-dim=\"w:951px,951px,951px,429px;h:86px;\"\n\t\t\t\t\t\t\t\tdata-frame_0=\"sX:0.8;sY:0.8;\"\n\t\t\t\t\t\t\t\tdata-frame_1=\"e:expo.inOut;st:400;sp:1800;sR:500;\"\n\t\t\t\t\t\t\t\tdata-frame_999=\"st:w;sp:400;sR:2700;auto:true;\"\n\t\t\t\t\t\t\t\tstyle=\"z-index:10;font-family:'Montserrat';text-transform:uppercase;\"\n\t\t\t\t\t\t\t>\u0632\u0646\u062f\u06af\u06cc \u0622\u0633\u0627\u0646 \u062f\u0631 \u0627\u0631\u0648\u067e\u0627 \n\t\t\t\t\t\t\t<\/rs-layer><!--\n\n\t\t\t\t\t\t\t--><a\n\t\t\t\t\t\t\t\tid=\"slider-2-slide-5-layer-13\" \n\t\t\t\t\t\t\t\tclass=\"rs-layer rev-btn\"\n\t\t\t\t\t\t\t\thref=\"https:\/\/mazgroup.at\/contact\/\" target=\"_self\" rel=\"nofollow\"\n\t\t\t\t\t\t\t\tdata-type=\"button\"\n\t\t\t\t\t\t\t\tdata-color=\"#000000\"\n\t\t\t\t\t\t\t\tdata-rsp_ch=\"on\"\n\t\t\t\t\t\t\t\tdata-xy=\"x:c;yo:335px,460px,550px,410px;\"\n\t\t\t\t\t\t\t\tdata-text=\"w:normal;s:13,12,11,12;l:25,22,20,20;fw:700,700,600,600;\"\n\t\t\t\t\t\t\t\tdata-dim=\"minh:0px,none,none,none;\"\n\t\t\t\t\t\t\t\tdata-padding=\"t:7,6,5,4;r:30,26,20,14;b:7,6,5,4;l:30,26,20,14;\"\n\t\t\t\t\t\t\t\tdata-border=\"bos:solid;boc:#ffffff;bow:2px,2px,2px,2px;\"\n\t\t\t\t\t\t\t\tdata-frame_0=\"y:50,43,32,19;\"\n\t\t\t\t\t\t\t\tdata-frame_1=\"e:expo.inOut;st:800;sp:1800;\"\n\t\t\t\t\t\t\t\tdata-frame_999=\"y:50,43,32,19;o:0;e:default;st:w;sp:400;\"\n\t\t\t\t\t\t\t\tdata-frame_hover=\"c:#222;bgc:#fff;boc:#fff;bor:0px,0px,0px,0px;bos:solid;bow:2px,2px,2px,2px;e:power1.inOut;\"\n\t\t\t\t\t\t\t\tstyle=\"z-index:8;background-color:#ffffff;font-family:'Open Sans';text-transform:uppercase;\"\n\t\t\t\t\t\t\t>\u062a\u0645\u0627\u0633 \u0628\u0627 \u0645\u0627 \n\t\t\t\t\t\t\t<\/a><!--\n-->\t\t\t\t\t\t<\/rs-slide>\n\t\t\t\t\t\t<rs-slide style=\"position: absolute;\" data-key=\"rs-6\" data-title=\"Slide\" data-thumb=\"\/\/mazgroup.at\/wp-content\/uploads\/2023\/10\/Vienna11-100x50.jpg\" data-duration=\"5000\" data-anim=\"ms:500;\" data-in=\"o:0;\" data-out=\"a:false;\">\n\t\t\t\t\t\t\t<img decoding=\"async\" src=\"\/\/mazgroup.at\/wp-content\/plugins\/revslider\/public\/assets\/assets\/dummy.png\" alt=\"\" title=\"Vienna11\" width=\"1920\" height=\"1273\" class=\"rev-slidebg tp-rs-img rs-lazyload\" data-lazyload=\"\/\/mazgroup.at\/wp-content\/uploads\/2023\/10\/Vienna11.jpg\" data-no-retina>\n<!--\n\t\t\t\t\t\t\t--><rs-layer\n\t\t\t\t\t\t\t\tid=\"slider-2-slide-6-layer-2\" \n\t\t\t\t\t\t\t\tdata-type=\"text\"\n\t\t\t\t\t\t\t\tdata-rsp_ch=\"on\"\n\t\t\t\t\t\t\t\tdata-xy=\"x:c;y:m;\"\n\t\t\t\t\t\t\t\tdata-text=\"s:75,65,55,40;l:25,25,25,23;fw:700,700,600,500;a:center;\"\n\t\t\t\t\t\t\t\tdata-frame_0=\"sX:0.8;sY:0.8;\"\n\t\t\t\t\t\t\t\tdata-frame_1=\"e:expo.inOut;st:400;sp:1800;sR:500;\"\n\t\t\t\t\t\t\t\tdata-frame_999=\"st:w;sp:400;sR:2700;auto:true;\"\n\t\t\t\t\t\t\t\tstyle=\"z-index:9;font-family:'Montserrat';text-transform:uppercase;\"\n\t\t\t\t\t\t\t>\u0622\u06cc\u0646\u062f\u0647\u200c\u0627\u06cc \u0645\u0637\u0645\u0626\u0646 \n\t\t\t\t\t\t\t<\/rs-layer><!--\n\n\t\t\t\t\t\t\t--><a\n\t\t\t\t\t\t\t\tid=\"slider-2-slide-6-layer-14\" \n\t\t\t\t\t\t\t\tclass=\"rs-layer rev-btn\"\n\t\t\t\t\t\t\t\thref=\"https:\/\/mazgroup.at\/immigration\/\" target=\"_self\" rel=\"nofollow\"\n\t\t\t\t\t\t\t\tdata-type=\"button\"\n\t\t\t\t\t\t\t\tdata-color=\"#000000\"\n\t\t\t\t\t\t\t\tdata-rsp_ch=\"on\"\n\t\t\t\t\t\t\t\tdata-xy=\"x:c;yo:336px,460px,550px,410px;\"\n\t\t\t\t\t\t\t\tdata-text=\"w:normal;s:13,12,11,12;l:25,22,20,20;fw:700,700,600,600;\"\n\t\t\t\t\t\t\t\tdata-dim=\"minh:0px,none,none,none;\"\n\t\t\t\t\t\t\t\tdata-padding=\"t:7,6,5,4;r:30,26,20,14;b:7,6,5,4;l:30,26,20,14;\"\n\t\t\t\t\t\t\t\tdata-border=\"bos:solid;boc:#ffffff;bow:2px,2px,2px,2px;\"\n\t\t\t\t\t\t\t\tdata-frame_0=\"y:50,43,32,19;\"\n\t\t\t\t\t\t\t\tdata-frame_1=\"e:expo.inOut;st:800;sp:1800;\"\n\t\t\t\t\t\t\t\tdata-frame_999=\"y:50,43,32,19;o:0;e:default;st:w;sp:400;\"\n\t\t\t\t\t\t\t\tdata-frame_hover=\"c:#222;bgc:#fff;boc:#fff;bor:0px,0px,0px,0px;bos:solid;bow:2px,2px,2px,2px;e:power1.inOut;\"\n\t\t\t\t\t\t\t\tstyle=\"z-index:8;background-color:#ffffff;font-family:'Open Sans';text-transform:uppercase;\"\n\t\t\t\t\t\t\t>\u0645\u0647\u0627\u062c\u0631\u062a \u0628\u0647 \u0627\u062a\u0631\u06cc\u0634 \n\t\t\t\t\t\t\t<\/a><!--\n-->\t\t\t\t\t\t<\/rs-slide>\n\t\t\t\t\t<\/rs-slides>\n\t\t\t\t<\/rs-module>\n\t\t\t\t<script>\n\t\t\t\t\tsetREVStartSize({c: 'rev_slider_2_1',rl:[1240,1024,778,480],el:[500,500,500,360],gw:[1170,1024,778,480],gh:[500,500,500,360],type:'standard',justify:'',layout:'fullscreen',offsetContainer:'',offset:'',mh:\"0\"});if (window.RS_MODULES!==undefined && window.RS_MODULES.modules!==undefined && window.RS_MODULES.modules[\"revslider21\"]!==undefined) {window.RS_MODULES.modules[\"revslider21\"].once = false;window.revapi2 = undefined;if (window.RS_MODULES.checkMinimal!==undefined) window.RS_MODULES.checkMinimal()}\n\t\t\t\t<\/script>\n\t\t\t<\/rs-module-wrap>\n\t\t\t<!-- END REVOLUTION SLIDER -->\n[\/vc_column][\/vc_row][vc_row el_id=&#8221;info-box&#8221; el_class=&#8221;mt-90 text-light&#8221;][vc_column width=&#8221;1\/2&#8243;]\t\n\n\t<div class=\"info-box padding20 \">\n        <i class=\" id-color\"  ><\/i>\n        <div class=\"info-box_text\">\n            <div class=\"info-box_title\">Telefonnummer von \u00d6sterreich<\/div>            <div class=\"info-box_subtite\">0043 660 892 9222<\/div>        <\/div>\n    <\/div>      \n\n[\/vc_column][vc_column width=&#8221;1\/2&#8243;]\t\n\n\t<div class=\"info-box padding20 \">\n        <i class=\" id-color\"  ><\/i>\n        <div class=\"info-box_text\">\n            <div class=\"info-box_title\">Telefonnummer von Iran<\/div>            <div class=\"info-box_subtite\"> 0098 911 892 9222<\/div>        <\/div>\n    <\/div>      \n\n[\/vc_column][\/vc_row][vc_row css=&#8221;.vc_custom_1556006288868{padding-top: 90px !important;padding-bottom: 60px !important;}&#8221;][vc_column el_class=&#8221;text-center&#8221;]\n\t<!-- Element: OT Heading --> \t \n\t<h2 class=\"ot_custom_heading inline-block \" style=\"\" >MAZ GROUP<\/h2>\t\n\t<!-- Element: OT Line solid --> \t \n\t<div class=\" separator separator-bold\"><span><i class=\"fa fa-handshake-o\"><\/i><\/span><\/div>\n\t<div class=\"spacer-single\"><\/div>\t      \n[\/vc_column][vc_column width=&#8221;1\/3&#8243;][vc_single_image image=&#8221;1984&#8243; img_size=&#8221;full&#8221; onclick=&#8221;custom_link&#8221; img_link_target=&#8221;_blank&#8221; css=&#8221;.vc_custom_1698505866374{margin-bottom: 0px !important;}&#8221; link=&#8221;http:\/\/demo.archiwp.com\/archi-industry\/services\/manufacturing\/&#8221;][vc_empty_space][vc_column_text]<\/p>\n<h3 style=\"text-align: left;\">Leben in \u00d6sterreich<\/h3>\n<p style=\"text-align: left;\">Bei der Maz Group werden wir das Leben in \u00d6sterreich aus verschiedenen Perspektiven betrachten, damit Sie die bestm\u00f6gliche Entscheidung f\u00fcr Ihre Auswanderung und Zukunft treffen k\u00f6nnen.<\/p>\n<p>[\/vc_column_text]\t\t\t\n\t<!-- Element: OT Button --> \n\t\t\t<a href=\"https:\/\/mazgroup.at\/de\/leben-in-oesterreich\/\" target=\"_self\" class=\"btn btn-line-black btn-big vc_custom_1739569864868 \">weiterlesen<\/a>\n\t    \n[vc_empty_space][\/vc_column][vc_column width=&#8221;1\/3&#8243;][vc_single_image image=&#8221;1953&#8243; img_size=&#8221;full&#8221; onclick=&#8221;custom_link&#8221; img_link_target=&#8221;_blank&#8221; css=&#8221;.vc_custom_1698505845910{margin-bottom: 0px !important;}&#8221; link=&#8221;http:\/\/demo.archiwp.com\/archi-industry\/services\/cnc-industries\/&#8221;][vc_empty_space][vc_column_text]<\/p>\n<h3 style=\"text-align: left;\">Studienaufenthalt in \u00d6sterreich<\/h3>\n<p style=\"text-align: left;\">Es gibt viele Wege, in europ\u00e4ische L\u00e4nder auszuwandern. Einer der Wege, den viele Menschen f\u00fcr ihre Zukunft w\u00e4hlen, ist das Studium an anerkannten Schulen und Universit\u00e4ten in \u00d6sterreich.<\/p>\n<p>[\/vc_column_text]\t\t\t\n\t<!-- Element: OT Button --> \n\t\t\t<a href=\"https:\/\/mazgroup.at\/de\/studienaufenthalt-in-oesterreich\/\" target=\"_self\" class=\"btn btn-line-black btn-big vc_custom_1733425143984 \">weiterlesen<\/a>\n\t    \n[vc_empty_space][\/vc_column][vc_column width=&#8221;1\/3&#8243;][vc_single_image image=&#8221;2033&#8243; img_size=&#8221;full&#8221; onclick=&#8221;custom_link&#8221; img_link_target=&#8221;_blank&#8221; css=&#8221;.vc_custom_1698505818446{margin-bottom: 0px !important;}&#8221; link=&#8221;http:\/\/demo.archiwp.com\/archi-industry\/services\/chemical-industries\/&#8221;][vc_empty_space][vc_column_text css=&#8221;.vc_custom_1735223767166{margin-bottom: 0px !important;}&#8221;]<\/p>\n<h3 style=\"text-align: left;\">Einwanderung nach \u00d6sterreich<\/h3>\n<p>Heutzutage denken viele Menschen daran, eine strahlende Zukunft f\u00fcr sich und ihre Familien in Europa zu gestalten. Die Maz Group hilft Ihnen dabei, diesen Traum m\u00f6glich zu machen.[\/vc_column_text]\t\t\t\n\t<!-- Element: OT Button --> \n\t\t\t<a href=\"https:\/\/mazgroup.at\/de\/nach-oesterreich-einwandern\/\" target=\"_self\" class=\"btn btn-line-black btn-big vc_custom_1733424432339 \">weiterlesen<\/a>\n\t    \n[\/vc_column][\/vc_row][vc_row archi_parallax2=&#8221;yes&#8221; el_class=&#8221;text-light&#8221; css=&#8221;.vc_custom_1556179234448{padding-top: 90px !important;padding-bottom: 90px !important;background-image: url(http:\/\/localhost\/ZHAKET\/TEST\/wp-content\/uploads\/2019\/04\/bg-2.jpg?id=39) !important;}&#8221;][vc_column offset=&#8221;vc_col-lg-offset-3 vc_col-lg-6 vc_col-md-offset-3 vc_col-md-6&#8243; el_class=&#8221;text-center&#8221;][vc_empty_space][vc_column_text]<\/p>\n<h3><span style=\"color: #333333;\">Die Entscheidung zur Migration ist eine gro\u00dfe und schwierige Wahl, und eine gute Beratung kann einen erheblichen Einfluss darauf haben. Bei der Maz Group sind wir stolz darauf, Ihnen dabei zu helfen, die bestm\u00f6gliche Entscheidung f\u00fcr Ihre Zukunft zu treffen.<\/span><\/h3>\n<h3><span style=\"color: #333333;\">Wir danken Ihnen, dass Sie uns f\u00fcr dieses wichtige Anliegen gew\u00e4hlt haben.<\/span><\/h3>\n<p>[\/vc_column_text]\t\t\t\n\t<!-- Element: OT Button 2 --> \n\t<a href=\"https:\/\/mazgroup.at\/de\/nach-oesterreich-einwandern\/\" title=\"Einwanderung nach \u00d6sterreich\" target=\"_blank\" class=\"btn btn btn-custom\">Einwanderung nach \u00d6sterreich<\/a>\t\n[\/vc_column][\/vc_row][vc_row css=&#8221;.vc_custom_1698587455955{padding-bottom: 90px !important;}&#8221;][vc_column el_class=&#8221;text-center&#8221;]\n\t<!-- Element: OT Heading --> \t \n\t<h2 class=\"ot_custom_heading inline-block \" style=\"\" >Warum sollten Sie uns w\u00e4hlen?<\/h2>\t\n\t<!-- Element: OT Line solid --> \t \n\t<div class=\" separator separator-bold\"><span><i class=\"fa fa-gear\"><\/i><\/span><\/div>\n\t<div class=\"spacer-single\"><\/div>\t      \n[\/vc_column][vc_column width=&#8221;1\/3&#8243;]\t\t\n\t<!-- OT Info Apps 2 -->\n    <div class=\" box-icon \">\n\t     \n\t    \t<span class=\"icon \" >\n\t        \t<i class=\"id-color fa fa-legal\" style=\"color:#ffffff\"><\/i>\n\t        <\/span>\n\t       \n        <div class=\"text\">\n            <h3>Kenntnis der Gesetze<\/h3>\n            <p>Unsere Berater unterst\u00fctzen Sie mit umfassender Kenntnis der Einwanderungsgesetze.<\/p>\n                    <\/div>        \n    <\/div>    \n\n[\/vc_column][vc_column width=&#8221;1\/3&#8243;]\t\t\n\t<!-- OT Info Apps 2 -->\n    <div class=\" box-icon \">\n\t     \n\t    \t<span class=\"icon \" >\n\t        \t<i class=\"id-color fa fa-key\" style=\"color:#ffffff\"><\/i>\n\t        <\/span>\n\t       \n        <div class=\"text\">\n            <h3>Expertise und Erfahrung<\/h3>\n            <p>Erfahrene und spezialisierte Berater, die bereit sind, Ihnen zu helfen.<\/p>\n                    <\/div>        \n    <\/div>    \n\n[\/vc_column][vc_column width=&#8221;1\/3&#8243;]\t\t\n\t<!-- OT Info Apps 2 -->\n    <div class=\" box-icon \">\n\t     \n\t    \t<span class=\"icon \" >\n\t        \t<i class=\"id-color fa fa-users\" style=\"color:#ffffff\"><\/i>\n\t        <\/span>\n\t       \n        <div class=\"text\">\n            <h3>Professionelles Team<\/h3>\n            <p>Die Maz Group legt besonderen Wert auf die Zusammenarbeit mit Fachleuten.<\/p>\n                    <\/div>        \n    <\/div>    \n\n[\/vc_column][vc_column][vc_empty_space][\/vc_column][vc_column width=&#8221;1\/3&#8243;]\t\t\n\t<!-- OT Info Apps 2 -->\n    <div class=\" box-icon \">\n\t     \n\t    \t<span class=\"icon \" >\n\t        \t<i class=\"id-color fa fa-files-o\" style=\"color:#ffffff\"><\/i>\n\t        <\/span>\n\t       \n        <div class=\"text\">\n            <h3>B\u00fcrokratische Angelegenheiten erledigen<\/h3>\n            <p>Wir helfen Ihnen dabei, Ihre b\u00fcrokratischen Angelegenheiten so schnell wie m\u00f6glich zu erledigen.<\/p>\n                    <\/div>        \n    <\/div>    \n\n[\/vc_column][vc_column width=&#8221;1\/3&#8243;]\t\t\n\t<!-- OT Info Apps 2 -->\n    <div class=\" box-icon \">\n\t     \n\t    \t<span class=\"icon \" >\n\t        \t<i class=\"id-color fa fa-suitcase\" style=\"color:#ffffff\"><\/i>\n\t        <\/span>\n\t       \n        <div class=\"text\">\n            <h3>Unterst\u00fctzung nach der Einwanderung<\/h3>\n            <p>Unsere Berater sind bereit, Ihnen nach Ihrer Einwanderung nach \u00d6sterreich Unterst\u00fctzung zu bieten.<\/p>\n                    <\/div>        \n    <\/div>    \n\n[\/vc_column][vc_column width=&#8221;1\/3&#8243;]\t\t\n\t<!-- OT Info Apps 2 -->\n    <div class=\" box-icon \">\n\t     \n\t    \t<span class=\"icon \" >\n\t        \t<i class=\"id-color fa fa-phone\" style=\"color:#ffffff\"><\/i>\n\t        <\/span>\n\t       \n        <div class=\"text\">\n            <h3>24-Stunden-Support<\/h3>\n            <p>Die Berater der Maz Group stehen Ihnen w\u00e4hrend des gesamten Einwanderungsprozesses stets zur Seite.<\/p>\n                    <\/div>        \n    <\/div>    \n\n[\/vc_column][\/vc_row][vc_row el_class=&#8221;call-to-action bg-color text-light&#8221; css=&#8221;.vc_custom_1557733260198{padding-top: 30px !important;padding-bottom: 40px !important;}&#8221;][vc_column width=&#8221;1\/3&#8243;]\t\t\t\n\t<!-- Element: OT Button 2 --> \n\t<a href=\"https:\/\/mazgroup.at\/contactform\/\" title=\"Beratungsanfrage\" target=\"_blank\" class=\"btn btn-line btn-big mt10\">Beratungsanfrage<\/a>\t\n[\/vc_column][vc_column width=&#8221;2\/3&#8243; el_class=&#8221;text-right&#8221;]\n\t<!-- Element: OT Heading --> \t \n\t<h3 class=\"ot_custom_heading mt20 \" style=\"text-align: right;\" ><a href=\"https:\/\/mazgroup.at\/contactform\/\" title=\"\" target=\"_self\">Erstanfrageformular f\u00fcr eine Beratung mit unseren Experten!<\/a><\/h3>\t\n[\/vc_column][\/vc_row][vc_column el_class=&#8221;text-center&#8221;][\/vc_column][vc_column width=&#8221;1\/3&#8243;][\/vc_column]<\/p>\n<\/section>","protected":false},"excerpt":{"rendered":"<p>[vc_row fullwidth=&#8221;yes&#8221;][vc_column][\/vc_column][\/vc_row][vc_row el_id=&#8221;info-box&#8221; el_class=&#8221;mt-90 text-light&#8221;][vc_column width=&#8221;1\/2&#8243;][\/vc_column][vc_column width=&#8221;1\/2&#8243;][\/vc_column][\/vc_row][vc_row css=&#8221;.vc_custom_1556006288868{padding-top: 90px !important;padding-bottom: 60px !important;}&#8221;][vc_column el_class=&#8221;text-center&#8221;][\/vc_column][vc_column width=&#8221;1\/3&#8243;][vc_single_image image=&#8221;1984&#8243; img_size=&#8221;full&#8221; onclick=&#8221;custom_link&#8221; img_link_target=&#8221;_blank&#8221; css=&#8221;.vc_custom_1698505866374{margin-bottom: 0px !important;}&#8221; link=&#8221;http:\/\/demo.archiwp.com\/archi-industry\/services\/manufacturing\/&#8221;][vc_empty_space][vc_column_text] Leben in \u00d6sterreich Bei der Maz Group werden wir das Leben in \u00d6sterreich aus verschiedenen Perspektiven betrachten, damit Sie die bestm\u00f6gliche Entscheidung f\u00fcr Ihre Auswanderung und Zukunft treffen k\u00f6nnen. [\/vc_column_text][vc_empty_space][\/vc_column][vc_column width=&#8221;1\/3&#8243;][vc_single_image image=&#8221;1953&#8243; img_size=&#8221;full&#8221; [&hellip;]<\/p>\n","protected":false},"author":1,"featured_media":0,"parent":0,"menu_order":0,"comment_status":"open","ping_status":"open","template":"page-templates\/template-canvas.php","meta":{"footnotes":""},"class_list":["post-2425","page","type-page","status-publish","hentry"],"_links":{"self":[{"href":"https:\/\/mazgroup.at\/de\/wp-json\/wp\/v2\/pages\/2425","targetHints":{"allow":["GET"]}}],"collection":[{"href":"https:\/\/mazgroup.at\/de\/wp-json\/wp\/v2\/pages"}],"about":[{"href":"https:\/\/mazgroup.at\/de\/wp-json\/wp\/v2\/types\/page"}],"author":[{"embeddable":true,"href":"https:\/\/mazgroup.at\/de\/wp-json\/wp\/v2\/users\/1"}],"replies":[{"embeddable":true,"href":"https:\/\/mazgroup.at\/de\/wp-json\/wp\/v2\/comments?post=2425"}],"version-history":[{"count":15,"href":"https:\/\/mazgroup.at\/de\/wp-json\/wp\/v2\/pages\/2425\/revisions"}],"predecessor-version":[{"id":2527,"href":"https:\/\/mazgroup.at\/de\/wp-json\/wp\/v2\/pages\/2425\/revisions\/2527"}],"wp:attachment":[{"href":"https:\/\/mazgroup.at\/de\/wp-json\/wp\/v2\/media?parent=2425"}],"curies":[{"name":"wp","href":"https:\/\/api.w.org\/{rel}","templated":true}]}}