{"id":2419,"date":"2023-10-21T05:26:41","date_gmt":"2023-10-21T05:26:41","guid":{"rendered":"https:\/\/mazgroup.at\/nach-oesterreich-einwandern\/"},"modified":"2024-12-26T13:31:45","modified_gmt":"2024-12-26T14:31:45","slug":"nach-oesterreich-einwandern","status":"publish","type":"page","link":"https:\/\/mazgroup.at\/de\/nach-oesterreich-einwandern\/","title":{"rendered":"Einwanderung nach \u00d6sterreich"},"content":{"rendered":"<section class=\"wpb-content-wrapper\"><p>[vc_row][vc_column width=&#8221;1\/6&#8243;][vc_empty_space][\/vc_column][vc_column width=&#8221;2\/3&#8243;][vc_empty_space][vc_column_text]<\/p>\n<h2>Einwanderung nach \u00d6sterreich<\/h2>\n<p>[\/vc_column_text][vc_separator][vc_column_text]Es gibt verschiedene M\u00f6glichkeiten, nach \u00d6sterreich auszuwandern, und jede dieser Migrationsmethoden h\u00e4ngt von den Bildungsqualifikationen, der finanziellen Situation, der Berufserfahrung, insbesondere dem <strong>\u201eSprachniveau des Antragstellers\u201c<\/strong>, sowie anderen einflussreichen Faktoren ab.<\/p>\n<p>Die g\u00e4ngigsten Methoden der Einwanderung nach \u00d6sterreich:<\/p>\n<p>\u2013 Studienaufenthalt \u2013 f\u00fcr Studenten oder Sch\u00fcler<br \/>\n\u2013 Arbeitsaufenthalt \u2013 durch ein Jobangebot (Job Offer)<br \/>\n\u2013 Investitionsaufenthalt \u2013 durch Firmengr\u00fcndung oder Start-up<br \/>\n\u2013 K\u00fcnstleraufenthalt<br \/>\n\u2013 Selbstunterst\u00fctzungsaufenthalt<br \/>\n\u2013 Jobsuchvisum \u2013 Jobseeker-Visum<br \/>\n\u2013 und weitere<\/p>\n<p>Es ist \u00e4u\u00dferst wichtig zu beachten, dass die Bedingungen jedes Antragstellers individuell gepr\u00fcft werden m\u00fcssen. Nur so kann der Antragsteller anhand seiner Unterlagen, Bedingungen, Interessen und unter Ber\u00fccksichtigung vieler anderer wichtiger Faktoren die f\u00fcr ihn <strong>beste Migrationsform<\/strong> w\u00e4hlen.[\/vc_column_text][vc_single_image image=&#8221;1962&#8243; img_size=&#8221;full&#8221; alignment=&#8221;center&#8221; css_animation=&#8221;bottom-to-top&#8221;][vc_column_text]<\/p>\n<h3>Studienaufenthalt<\/h3>\n<h3>F\u00fcr Studenten oder Sch\u00fcler<\/h3>\n<p>Das Studium ist eine der schnellsten, kosteng\u00fcnstigsten und beliebtesten Methoden, um nach \u00d6sterreich auszuwandern. Aus diesem Grund entscheiden sich viele Menschen, ob allein oder mit ihrer Familie, f\u00fcr diesen Weg, um in ihrem Wunschfach in \u00d6sterreich zu studieren.<\/p>\n<p>Mit diesem Aufenthaltstitel k\u00f6nnen Sie nach Abschluss des Studiums oder sogar w\u00e4hrenddessen Ihren Aufenthaltstitel von einem Studienaufenthalt auf andere Arten wie Arbeitsaufenthalt, Investitionsaufenthalt, Selbstunterst\u00fctzungsaufenthalt oder jede andere Art von Aufenthalt, f\u00fcr die Sie die Voraussetzungen erf\u00fcllen, \u00e4ndern.<\/p>\n<h3>Wichtige Dokumente f\u00fcr den Studienaufenthalt<\/h3>\n<p>Eines der wichtigsten Dokumente f\u00fcr die Beantragung eines Studienaufenthalts ist die Studienzulassung oder die Anmeldebest\u00e4tigung. Die Zulassungsvoraussetzungen variieren je nach Studiengang, Universit\u00e4t und Bildungsstufe.<\/p>\n<p>In den meisten F\u00e4llen ben\u00f6tigen Sie f\u00fcr die Zulassung oder Anmeldebest\u00e4tigung in Universit\u00e4ten Deutschkenntnisse auf dem <strong>Niveau A2<\/strong>. Es gibt jedoch auch wissenschaftliche Einrichtungen, die h\u00f6here Sprachkenntnisse erfordern. Zudem gibt es einige wenige Universit\u00e4ten, die abh\u00e4ngig vom Studienfach, ohne Nachweis von Sprachkenntnissen, aber basierend auf anderen Dokumenten und F\u00e4higkeiten, die Sie besitzen, eine Zulassung erm\u00f6glichen.[\/vc_column_text][vc_single_image image=&#8221;1967&#8243; img_size=&#8221;full&#8221; css_animation=&#8221;bottom-to-top&#8221;][vc_column_text]<\/p>\n<h3>Arbeitserlaubnis \u2013 Jobangebot<\/h3>\n<p>Wenn Sie beabsichtigen, nach \u00d6sterreich auszuwandern, indem Sie eine Arbeitserlaubnis erhalten, m\u00fcssen Sie ein geeignetes Jobangebot von einem Arbeitgeber in \u00d6sterreich in Ihrem Beruf oder Fachgebiet erhalten haben. Nach dem ersten Vertrag und der \u00dcbergabe der Unterlagen an das Arbeitsamt m\u00fcssen Sie auf die Genehmigung der zust\u00e4ndigen Beh\u00f6rde warten, um ein Visum von der \u00f6sterreichischen Botschaft in Teheran zu erhalten und nach \u00d6sterreich zu reisen, um nach den ersten Schritten Ihre Aufenthaltserlaubnis zu bekommen.<\/p>\n<p>Die Arbeitsaufenthaltserlaubnis wird rot-wei\u00df-rot Karte genannt und ist eine Kombination aus Aufenthalts- und Arbeitserlaubnis. Sie ist zwei Jahre g\u00fcltig und gibt Ihnen als Karteninhaber das Recht, nur bei einem bestimmten Arbeitgeber abzurechnen und angestellt zu werden. Wenn Sie innerhalb der ersten zwei Jahre Ihren Arbeitgeber wechseln und Ihre Arbeitsstelle verlassen, m\u00fcssen Sie mit Bezug auf das neue Unternehmen, bei dem Sie arbeiten m\u00f6chten, Ihren Antrag auf Erneuerung dieser Karte bei der zust\u00e4ndigen Beh\u00f6rde einreichen.<\/p>\n<p>Nach zwei Jahren k\u00f6nnen Sie in der Regel eine Aufenthaltserlaubnis f\u00fcr drei Jahre erhalten. Dazu m\u00fcssen Sie den ersten Teil der Integrationsvereinbarung erfolgreich absolviert haben, und Ihr Reisepass muss mindestens drei Jahre g\u00fcltig sein.[\/vc_column_text][vc_single_image image=&#8221;1970&#8243; img_size=&#8221;full&#8221; alignment=&#8221;center&#8221; css_animation=&#8221;bottom-to-top&#8221;][vc_column_text]<\/p>\n<h3>Investitionsaufenthalt<\/h3>\n<p>Die Investition in \u00d6sterreich ist eine der Methoden, um eine dauerhafte Aufenthaltsgenehmigung in diesem Land zu erhalten. Bewerber erhalten bei Erhalt einer Investitionsaufenthaltserlaubnis eine zweij\u00e4hrige Aufenthaltserlaubnis, die nach f\u00fcnf Jahren in einen Daueraufenthalt umgewandelt wird, und nach sechs Jahren Aufenthalt in \u00d6sterreich und Erf\u00fcllung weiterer Bedingungen k\u00f6nnen sie die Staatsb\u00fcrgerschaft und den \u00f6sterreichischen Pass erhalten.<\/p>\n<p>Es gibt verschiedene Investitionsmethoden in \u00d6sterreich, wie zum Beispiel: Unternehmensgr\u00fcndung, Start-ups, Unternehmertum, Selbstst\u00e4ndigkeit usw., die von Ihrem Kapital und Ihrem gesch\u00e4ftlichen Ziel in diesem Bereich abh\u00e4ngen.<\/p>\n<p>Gro\u00dfe Investoren neigen dazu, in L\u00e4ndern zu investieren, die neben der M\u00f6glichkeit, Schweden zu erlangen, auch Sicherheit und Stabilit\u00e4t f\u00fcr ihr Kapital bieten. \u00d6sterreich ist ebenfalls eines der geeigneten L\u00e4nder f\u00fcr Investitionen, da die Sicherheit und Stabilit\u00e4t von ausl\u00e4ndischem Kapital dort hoch ist.<\/p>\n<p>Eine der profitablen und sicheren M\u00f6glichkeiten, in \u00d6sterreich zu investieren, ist der Kauf eines Unternehmens oder Gesch\u00e4fts in diesem Land. Sie k\u00f6nnen durch den Kauf eines Ladens, Supermarktes, Restaurants, Franchise usw. in \u00d6sterreich Ihr Kapital sichern und ein Gesch\u00e4ft in diesem Land aufbauen.<\/p>\n<p>Beim Kauf eines Unternehmens in \u00d6sterreich sollten Sie beachten, welchen Verlauf die Aktivit\u00e4t und das Einkommen des betreffenden Gesch\u00e4fts in den letzten Jahren genommen haben. Wenn das Gesch\u00e4ft, das Sie interessiert, w\u00e4chst, k\u00f6nnen Sie Ihre Investition t\u00e4tigen.[\/vc_column_text][vc_single_image image=&#8221;1973&#8243; img_size=&#8221;full&#8221; alignment=&#8221;center&#8221; css_animation=&#8221;bottom-to-top&#8221;][vc_column_text]<\/p>\n<h3>K\u00fcnstleraufenthalt<\/h3>\n<p>\u00d6sterreich ist eines der wenigen L\u00e4nder, das f\u00fcr K\u00fcnstler eine Aufenthaltsgenehmigung zur Migration ausstellt. Personen, die beabsichtigen, \u00fcber den K\u00fcnstleraufenthalt nach \u00d6sterreich zu ziehen, m\u00fcssen nachweisen k\u00f6nnen, dass sie in ihrem k\u00fcnstlerischen Bereich t\u00e4tig waren und Unterlagen vorlegen, die belegen, dass sie ihren Lebensunterhalt durch ihre Kunst verdienen und ein monatliches Einkommen von etwa 2.000 bis 3.000 Euro erzielen.<\/p>\n<p>Diese T\u00e4tigkeiten k\u00f6nnen den Verkauf und das Anbieten von Kunstwerken umfassen oder ein registriertes Kunstwerk, dessen Rechte verkauft wurden und der K\u00fcnstler monatlich einen Betrag in der genannten H\u00f6he erh\u00e4lt. Der Nachweis kann durch Vorlage von Rechnungen oder verschiedenen Fotos der verkauften Werke, deren m\u00f6gliche Dokumente, Miet- oder Verkaufsvertr\u00e4ge der Rechte oder sogar ein Schreiben einer Galerie oder K\u00fcnstlerfirma, die best\u00e4tigt, dass der K\u00fcnstler dort gearbeitet hat und durch seine Kunst Einkommen erzielt hat, erfolgen.<\/p>\n<p>Es wird empfohlen, dass K\u00fcnstler, die beabsichtigen, eine Aufenthaltsgenehmigung in \u00d6sterreich auf diesem Weg zu erhalten, sicherstellen, dass sie ein Einkommen in der genannten H\u00f6he haben, da sie nach der Einreise und Erhalt des Aufenthalts keinen staatlichen Unterhalt erhalten und ihren Lebensunterhalt durch das Anbieten und Verkaufen ihrer Kunstwerke bestreiten m\u00fcssen.<\/p>\n<p>Der Erwerb der K\u00fcnstleraufenthaltsgenehmigung in \u00d6sterreich bietet besondere Vorteile f\u00fcr die Antragsteller, die sie dazu ermutigen, diesen Aufenthalt zu beantragen. Zu den wichtigsten Vorteilen der Erlangung des Aufenthalts in \u00d6sterreich geh\u00f6ren:<\/p>\n<p>&#8211; M\u00f6glichkeit, eine dauerhafte Aufenthaltsgenehmigung und den \u00f6sterreichischen Pass zu erhalten<br \/>\n&#8211; M\u00f6glichkeit, den Aufenthalt f\u00fcr den Ehepartner und Kinder unter 18 Jahren zu beantragen<br \/>\n&#8211; Vollzeitarbeitserlaubnis f\u00fcr den Ehepartner des Antragstellers<br \/>\n&#8211; M\u00f6glichkeit der kostenlosen Ausbildung f\u00fcr die Kinder[\/vc_column_text][vc_single_image image=&#8221;1975&#8243; img_size=&#8221;full&#8221; alignment=&#8221;center&#8221; css_animation=&#8221;bottom-to-top&#8221;][vc_column_text]<\/p>\n<h3>Eigenst\u00e4ndiger Aufenthalt<\/h3>\n<p>Der eigenst\u00e4ndige Aufenthalt in \u00d6sterreich ist einer der Wege, um eine Aufenthaltsgenehmigung in diesem Land zu erhalten, der allein durch den Nachweis ausreichender finanzieller Mittel und eines angemessenen monatlichen Einkommens, ohne jegliche Investition, m\u00f6glich ist. Antragsteller m\u00fcssen nachweisen, dass sie \u00fcber ein Verm\u00f6gen von etwa 25.000 Euro und ein festes monatliches Einkommen zwischen 2.000 und 3.000 Euro verf\u00fcgen.<\/p>\n<p>Tats\u00e4chlich wird diese Art von Aufenthalt als besondere Gelegenheit f\u00fcr diejenigen angesehen, die von einem komfortablen und angenehmen Leben in f\u00fchrenden europ\u00e4ischen L\u00e4ndern tr\u00e4umen. Denn durch den Erwerb des eigenst\u00e4ndigen Aufenthalts zeigen sie, dass sie in der Lage sind, ohne Arbeit und nur mit ihren festen finanziellen Mitteln die Lebenshaltungskosten in diesen L\u00e4ndern zu decken.<\/p>\n<p>Die kontinuierliche monatliche Einkommensquelle kann verschiedene Formen haben. Diese finanzielle F\u00e4higkeit kann durch die Vorlage verschiedener Dokumente wie Rentenbescheide, Zinsgutschriften auf Bankkonten, Dividenden, Mieteinnahmen aus Immobilien usw. nachgewiesen werden. Dieses Einkommen sollte zwischen 2.000 und 3.000 Euro pro Monat liegen, wobei der genaue Betrag j\u00e4hrlich schwanken kann.<\/p>\n<p>Das Vorhandensein eines ausreichenden Guthabens auf einem Bankkonto als verf\u00fcgbares Verm\u00f6gen ist ein weiterer Bestandteil der Nachweise, um den Aufenthalt in \u00d6sterreich durch finanzielle Eigenst\u00e4ndigkeit zu erlangen. Das bedeutet, dass Sie neben dem Nachweis eines ausreichenden monatlichen Einkommens auch ein ausreichendes Guthaben auf Ihrem Bankkonto haben m\u00fcssen. Der Betrag dieses Guthabens kann j\u00e4hrlich variieren, aber f\u00fcr das Jahr 2023 betr\u00e4gt er etwa 25.000 Euro pro Jahr pro Person. Wenn Sie planen, Ihren Ehepartner oder Ihre Kinder mit nach \u00d6sterreich zu nehmen, m\u00fcssen Sie f\u00fcr jede dieser Personen einen solchen Betrag bei der Beantragung des Visums bei der \u00f6sterreichischen Botschaft auf Ihrem Bankkonto nachweisen.[\/vc_column_text][vc_single_image image=&#8221;1976&#8243; img_size=&#8221;full&#8221; alignment=&#8221;center&#8221; css_animation=&#8221;bottom-to-top&#8221;][vc_column_text]<\/p>\n<h3>Jobsuche Visum \u2013 Jobseeker<\/h3>\n<p>\u00d6sterreich ist eines der L\u00e4nder, das mit einem Mangel an Fachkr\u00e4ften konfrontiert ist und daher qualifizierte Personen, insbesondere in Berufen mit Mangel, einl\u00e4dt, in ihren Arbeitspositionen zu arbeiten.<\/p>\n<p>Bewerber f\u00fcr das Jobsuche Visum m\u00fcssen mindestens 70 von 100 Punkten gem\u00e4\u00df den in diesem Bereich festgelegten Kriterien erreichen, um dieses Visum zu erhalten:<\/p>\n<p>&#8211; Bildungsniveau und Abschluss von anerkannten Universit\u00e4ten und f\u00fchrenden Hochschulen<br \/>\n&#8211; Berufserfahrung im Zusammenhang mit dem Studienfach<br \/>\n&#8211; Altersgruppe<br \/>\n&#8211; Englisch- oder Deutschkenntnisse<br \/>\n&#8211; Nachweis von Erfindungen oder dem Erhalt von anerkannten Auszeichnungen<\/p>\n<p>Dieses Visum ist sechs Monate g\u00fcltig und erlaubt es dem Inhaber, in \u00d6sterreich zu bleiben und legal nach Arbeit zu suchen. Wenn Sie au\u00dferdem in \u00d6sterreich ein Jobangebot von einem anerkannten Unternehmen haben, k\u00f6nnen Sie die Rot-Wei\u00df-Rot-Karte (Arbeitsaufenthalt) erhalten.<\/p>\n<p>Die Berufe, die einen Fachkr\u00e4ftemangel darstellen, werden jedes Jahr in einer Verordnung (Fachkr\u00e4fteverordnung) bekannt gegeben, die vom Bundesminister f\u00fcr Arbeit in Absprache mit dem Bundesminister f\u00fcr Wirtschaft erlassen wird. Welche Berufe als Mangelberufe gelten, h\u00e4ngt von der Entwicklung des Arbeitsmarktes in \u00d6sterreich ab.[\/vc_column_text][vc_single_image image=&#8221;1978&#8243; img_size=&#8221;full&#8221; alignment=&#8221;center&#8221; css_animation=&#8221;bottom-to-top&#8221;][\/vc_column][vc_column width=&#8221;1\/6&#8243;][vc_empty_space][\/vc_column][\/vc_row]<\/p>\n<\/section>","protected":false},"excerpt":{"rendered":"<p>[vc_row][vc_column width=&#8221;1\/6&#8243;][vc_empty_space][\/vc_column][vc_column width=&#8221;2\/3&#8243;][vc_empty_space][vc_column_text] Einwanderung nach \u00d6sterreich [\/vc_column_text][vc_separator][vc_column_text]Es gibt verschiedene M\u00f6glichkeiten, nach \u00d6sterreich auszuwandern, und jede dieser Migrationsmethoden h\u00e4ngt von den Bildungsqualifikationen, der finanziellen Situation, der Berufserfahrung, insbesondere dem \u201eSprachniveau des Antragstellers\u201c, sowie anderen einflussreichen Faktoren ab. Die g\u00e4ngigsten Methoden der Einwanderung nach \u00d6sterreich: \u2013 Studienaufenthalt \u2013 f\u00fcr Studenten oder Sch\u00fcler \u2013 Arbeitsaufenthalt \u2013 durch ein [&hellip;]<\/p>\n","protected":false},"author":2,"featured_media":0,"parent":0,"menu_order":0,"comment_status":"closed","ping_status":"closed","template":"page-templates\/template-fullwidth.php","meta":{"footnotes":""},"class_list":["post-2419","page","type-page","status-publish","hentry"],"_links":{"self":[{"href":"https:\/\/mazgroup.at\/de\/wp-json\/wp\/v2\/pages\/2419","targetHints":{"allow":["GET"]}}],"collection":[{"href":"https:\/\/mazgroup.at\/de\/wp-json\/wp\/v2\/pages"}],"about":[{"href":"https:\/\/mazgroup.at\/de\/wp-json\/wp\/v2\/types\/page"}],"author":[{"embeddable":true,"href":"https:\/\/mazgroup.at\/de\/wp-json\/wp\/v2\/users\/2"}],"replies":[{"embeddable":true,"href":"https:\/\/mazgroup.at\/de\/wp-json\/wp\/v2\/comments?post=2419"}],"version-history":[{"count":25,"href":"https:\/\/mazgroup.at\/de\/wp-json\/wp\/v2\/pages\/2419\/revisions"}],"predecessor-version":[{"id":2476,"href":"https:\/\/mazgroup.at\/de\/wp-json\/wp\/v2\/pages\/2419\/revisions\/2476"}],"wp:attachment":[{"href":"https:\/\/mazgroup.at\/de\/wp-json\/wp\/v2\/media?parent=2419"}],"curies":[{"name":"wp","href":"https:\/\/api.w.org\/{rel}","templated":true}]}}