{"id":2409,"date":"2023-10-24T12:20:46","date_gmt":"2023-10-24T12:20:46","guid":{"rendered":"https:\/\/mazgroup.at\/studienaufenthalt-in-oesterreich\/"},"modified":"2024-12-26T12:36:09","modified_gmt":"2024-12-26T13:36:09","slug":"studienaufenthalt-in-oesterreich","status":"publish","type":"page","link":"https:\/\/mazgroup.at\/de\/studienaufenthalt-in-oesterreich\/","title":{"rendered":"Studienaufenthalt in \u00d6sterreich"},"content":{"rendered":"<section class=\"wpb-content-wrapper\"><p>[vc_row][vc_column width=&#8221;1\/6&#8243;][vc_empty_space][\/vc_column][vc_column width=&#8221;2\/3&#8243;][vc_empty_space][vc_column_text]<\/p>\n<h2>Studienaufenthalt in \u00d6sterreich<\/h2>\n<p>[\/vc_column_text][vc_separator border_width=&#8221;3&#8243;][vc_column_text]<br \/>\nStudium oder Sch\u00fcleraufenthalt<br \/>\nEine der schnellsten, kosteng\u00fcnstigsten und beliebtesten Methoden, um nach \u00d6sterreich auszuwandern, ist durch ein Studium. Aus diesem Grund entscheiden sich viele Menschen, ob allein oder mit ihrer Familie, f\u00fcr diesen Weg, um in ihrem Wunschfach in \u00d6sterreich zu studieren.<\/p>\n<p>Mit diesem Aufenthaltstitel k\u00f6nnen Sie nach Abschluss des Studiums oder sogar w\u00e4hrenddessen Ihren Aufenthaltstitel von einem Studienaufenthalt auf andere Arten wie Arbeitsaufenthalt, Investitionsaufenthalt, Selbstunterst\u00fctzungsaufenthalt oder jede andere Art von Aufenthalt, f\u00fcr die Sie die Voraussetzungen erf\u00fcllen, \u00e4ndern.<\/p>\n<p>Eines der wichtigsten Dokumente, die Sie f\u00fcr die Beantragung eines Studienaufenthalts ben\u00f6tigen, ist <strong>die Studienzulassung oder die Anmeldebest\u00e4tigung<\/strong>. Die Voraussetzungen f\u00fcr die Zulassung sind je nach Studiengang, Universit\u00e4t und Bildungsstufe unterschiedlich.<br \/>\nIn den meisten F\u00e4llen ben\u00f6tigen Sie f\u00fcr die Zulassung oder Anmeldebest\u00e4tigung in den Universit\u00e4ten Deutschkenntnisse auf dem Niveau A2. Es gibt jedoch auch Universit\u00e4ten und wissenschaftliche Einrichtungen, die h\u00f6here Sprachkenntnisse erfordern. Zudem gibt es eine sehr geringe Anzahl von Einrichtungen, die abh\u00e4ngig vom Studienfach auch ohne Nachweis von Sprachkenntnissen, aber basierend auf anderen Dokumenten und F\u00e4higkeiten, die Sie besitzen, eine Zulassung erm\u00f6glichen.[\/vc_column_text][vc_single_image image=&#8221;1953&#8243; img_size=&#8221;full&#8221; alignment=&#8221;center&#8221;][\/vc_column][vc_column width=&#8221;1\/6&#8243;][vc_empty_space][\/vc_column][\/vc_row][vc_row][vc_column][\/vc_column][\/vc_row]<\/p>\n<\/section>","protected":false},"excerpt":{"rendered":"<p>[vc_row][vc_column width=&#8221;1\/6&#8243;][vc_empty_space][\/vc_column][vc_column width=&#8221;2\/3&#8243;][vc_empty_space][vc_column_text] Studienaufenthalt in \u00d6sterreich [\/vc_column_text][vc_separator border_width=&#8221;3&#8243;][vc_column_text] Studium oder Sch\u00fcleraufenthalt Eine der schnellsten, kosteng\u00fcnstigsten und beliebtesten Methoden, um nach \u00d6sterreich auszuwandern, ist durch ein Studium. Aus diesem Grund entscheiden sich viele Menschen, ob allein oder mit ihrer Familie, f\u00fcr diesen Weg, um in ihrem Wunschfach in \u00d6sterreich zu studieren. Mit diesem Aufenthaltstitel k\u00f6nnen Sie [&hellip;]<\/p>\n","protected":false},"author":2,"featured_media":0,"parent":0,"menu_order":0,"comment_status":"closed","ping_status":"closed","template":"page-templates\/template-fullwidth.php","meta":{"footnotes":""},"class_list":["post-2409","page","type-page","status-publish","hentry"],"_links":{"self":[{"href":"https:\/\/mazgroup.at\/de\/wp-json\/wp\/v2\/pages\/2409","targetHints":{"allow":["GET"]}}],"collection":[{"href":"https:\/\/mazgroup.at\/de\/wp-json\/wp\/v2\/pages"}],"about":[{"href":"https:\/\/mazgroup.at\/de\/wp-json\/wp\/v2\/types\/page"}],"author":[{"embeddable":true,"href":"https:\/\/mazgroup.at\/de\/wp-json\/wp\/v2\/users\/2"}],"replies":[{"embeddable":true,"href":"https:\/\/mazgroup.at\/de\/wp-json\/wp\/v2\/comments?post=2409"}],"version-history":[{"count":12,"href":"https:\/\/mazgroup.at\/de\/wp-json\/wp\/v2\/pages\/2409\/revisions"}],"predecessor-version":[{"id":2456,"href":"https:\/\/mazgroup.at\/de\/wp-json\/wp\/v2\/pages\/2409\/revisions\/2456"}],"wp:attachment":[{"href":"https:\/\/mazgroup.at\/de\/wp-json\/wp\/v2\/media?parent=2409"}],"curies":[{"name":"wp","href":"https:\/\/api.w.org\/{rel}","templated":true}]}}