{"id":2402,"date":"2015-07-27T03:29:01","date_gmt":"2015-07-27T03:29:01","guid":{"rendered":"https:\/\/mazgroup.at\/%d8%af%d8%b1%d8%a8%d8%a7%d8%b1%d9%87-%d9%85%d8%a7\/"},"modified":"2025-07-22T20:49:35","modified_gmt":"2025-07-22T20:49:35","slug":"ueberuns","status":"publish","type":"page","link":"https:\/\/mazgroup.at\/de\/ueberuns\/","title":{"rendered":"\u00dcber uns"},"content":{"rendered":"<section class=\"wpb-content-wrapper\"><p>[vc_row css=&#8221;.vc_custom_1556780827692{padding-top: 90px !important;padding-bottom: 60px !important;}&#8221;][vc_column width=&#8221;1\/6&#8243;][vc_empty_space][\/vc_column][vc_column width=&#8221;2\/3&#8243; el_class=&#8221;myOwnFont&#8221;][vc_empty_space][vc_custom_heading text=&#8221;Die Migration ist eine schwierige und lebensver\u00e4ndernde Entscheidung. Wir freuen uns, Sie dabei mit unseren Beratungen unterst\u00fctzen zu k\u00f6nnen.&#8221; font_container=&#8221;tag:h2|text_align:center|color:%23c40000&#8243; use_theme_fonts=&#8221;yes&#8221; css_animation=&#8221;bottom-to-top&#8221; el_class=&#8221;mt0&#8243;][vc_empty_space][vc_column_text]<\/p>\n<h2>\u00dcber uns<\/h2>\n<p>[\/vc_column_text][vc_column_text el_class=&#8221;myFont&#8221;]<\/p>\n<p style=\"text-align: left;\">Mazgroup e.U.<br \/>\nArmin Gholami<br \/>\nBillrothstrasse 2, 1190 Wien, \u00d6sterreich<\/p>\n<p style=\"text-align: left;\">Sammeln und Weitergeben von allgemein zug\u00e4nglichen Informationen<br \/>\nGISA-Zahl: 36455669<\/p>\n<p style=\"text-align: left;\">Beratung \u00fcber und Vermittlung von Studienpl\u00e4tzen an Schulen, Universit\u00e4ten und sonstigen Bildungseinrichtungen<br \/>\nGISA-Zahl: 36455621<\/p>\n<p style=\"text-align: left;\">Gesch\u00e4ftsf\u00fchrer: Armin Gholami<\/p>\n<p>[\/vc_column_text][\/vc_column][vc_column width=&#8221;1\/6&#8243;][vc_empty_space][\/vc_column][\/vc_row]<\/p>\n<\/section>","protected":false},"excerpt":{"rendered":"<p>[vc_row css=&#8221;.vc_custom_1556780827692{padding-top: 90px !important;padding-bottom: 60px !important;}&#8221;][vc_column width=&#8221;1\/6&#8243;][vc_empty_space][\/vc_column][vc_column width=&#8221;2\/3&#8243; el_class=&#8221;myOwnFont&#8221;][vc_empty_space][vc_custom_heading text=&#8221;Die Migration ist eine schwierige und lebensver\u00e4ndernde Entscheidung. Wir freuen uns, Sie dabei mit unseren Beratungen unterst\u00fctzen zu k\u00f6nnen.&#8221; font_container=&#8221;tag:h2|text_align:center|color:%23c40000&#8243; use_theme_fonts=&#8221;yes&#8221; css_animation=&#8221;bottom-to-top&#8221; el_class=&#8221;mt0&#8243;][vc_empty_space][vc_column_text] \u00dcber uns [\/vc_column_text][vc_column_text el_class=&#8221;myFont&#8221;] Mazgroup e.U. Armin Gholami Billrothstrasse 2, 1190 Wien, \u00d6sterreich Sammeln und Weitergeben von allgemein zug\u00e4nglichen Informationen GISA-Zahl: 36455669 Beratung [&hellip;]<\/p>\n","protected":false},"author":1,"featured_media":0,"parent":0,"menu_order":0,"comment_status":"open","ping_status":"open","template":"page-templates\/template-fullwidth.php","meta":{"footnotes":""},"class_list":["post-2402","page","type-page","status-publish","hentry"],"_links":{"self":[{"href":"https:\/\/mazgroup.at\/de\/wp-json\/wp\/v2\/pages\/2402","targetHints":{"allow":["GET"]}}],"collection":[{"href":"https:\/\/mazgroup.at\/de\/wp-json\/wp\/v2\/pages"}],"about":[{"href":"https:\/\/mazgroup.at\/de\/wp-json\/wp\/v2\/types\/page"}],"author":[{"embeddable":true,"href":"https:\/\/mazgroup.at\/de\/wp-json\/wp\/v2\/users\/1"}],"replies":[{"embeddable":true,"href":"https:\/\/mazgroup.at\/de\/wp-json\/wp\/v2\/comments?post=2402"}],"version-history":[{"count":10,"href":"https:\/\/mazgroup.at\/de\/wp-json\/wp\/v2\/pages\/2402\/revisions"}],"predecessor-version":[{"id":2581,"href":"https:\/\/mazgroup.at\/de\/wp-json\/wp\/v2\/pages\/2402\/revisions\/2581"}],"wp:attachment":[{"href":"https:\/\/mazgroup.at\/de\/wp-json\/wp\/v2\/media?parent=2402"}],"curies":[{"name":"wp","href":"https:\/\/api.w.org\/{rel}","templated":true}]}}